{"id":36,"date":"2023-09-17T20:29:13","date_gmt":"2023-09-17T20:29:13","guid":{"rendered":"https:\/\/zspacetele.com\/?page_id=36"},"modified":"2023-10-20T15:56:33","modified_gmt":"2023-10-20T15:56:33","slug":"products-services","status":"publish","type":"page","link":"https:\/\/zspacetele.com\/?page_id=36","title":{"rendered":"Na\u0161e produkty a slu\u017eby"},"content":{"rendered":"\n<ul class=\"has-section-bg-background-color has-background wp-block-list\">\n<ul class=\"has-section-bg-background-color has-background wp-block-list\">\n<li>Velkoobchodn\u00ed slu\u017eby mezin\u00e1rodn\u00edho hlasov\u00e9ho provozu<\/li>\n<\/ul>\n<\/ul>\n\n\n\n<p class=\"has-section-bg-background-color has-background\">Z Space Telecom poskytuje mezin\u00e1rodn\u00ed hlasov\u00fd provoz nejvy\u0161\u0161\u00ed kvality na cel\u00e9m sv\u011bt\u011b<\/p>\n\n\n\n<ul class=\"has-section-bg-background-color has-background wp-block-list\">\n<ul class=\"has-section-bg-background-color has-background wp-block-list\">\n<li>\u0159e\u0161en\u00ed pro \u00falo\u017ei\u0161t\u011b a datov\u00e1 centra<\/li>\n\n\n\n<li>telekomunika\u010dn\u00ed kan\u00e1ly<\/li>\n\n\n\n<li>software<\/li>\n<\/ul>\n<\/ul>\n","protected":false},"excerpt":{"rendered":"<p>Z Space Telecom poskytuje mezin\u00e1rodn\u00ed hlasov\u00fd provoz nejvy\u0161\u0161\u00ed kvality na cel\u00e9m sv\u011bt\u011b<\/p>\n","protected":false},"author":1,"featured_media":0,"parent":0,"menu_order":1,"comment_status":"closed","ping_status":"closed","template":"","meta":{"footnotes":""},"class_list":["post-36","page","type-page","status-publish","hentry"],"_links":{"self":[{"href":"https:\/\/zspacetele.com\/index.php?rest_route=\/wp\/v2\/pages\/36","targetHints":{"allow":["GET"]}}],"collection":[{"href":"https:\/\/zspacetele.com\/index.php?rest_route=\/wp\/v2\/pages"}],"about":[{"href":"https:\/\/zspacetele.com\/index.php?rest_route=\/wp\/v2\/types\/page"}],"author":[{"embeddable":true,"href":"https:\/\/zspacetele.com\/index.php?rest_route=\/wp\/v2\/users\/1"}],"replies":[{"embeddable":true,"href":"https:\/\/zspacetele.com\/index.php?rest_route=%2Fwp%2Fv2%2Fcomments&post=36"}],"version-history":[{"count":6,"href":"https:\/\/zspacetele.com\/index.php?rest_route=\/wp\/v2\/pages\/36\/revisions"}],"predecessor-version":[{"id":129,"href":"https:\/\/zspacetele.com\/index.php?rest_route=\/wp\/v2\/pages\/36\/revisions\/129"}],"wp:attachment":[{"href":"https:\/\/zspacetele.com\/index.php?rest_route=%2Fwp%2Fv2%2Fmedia&parent=36"}],"curies":[{"name":"wp","href":"https:\/\/api.w.org\/{rel}","templated":true}]}}