{"id":34,"date":"2023-09-17T13:07:49","date_gmt":"2023-09-17T13:07:49","guid":{"rendered":"https:\/\/zspacetele.com\/?page_id=34"},"modified":"2023-10-20T15:47:37","modified_gmt":"2023-10-20T15:47:37","slug":"contacts","status":"publish","type":"page","link":"https:\/\/zspacetele.com\/?page_id=34","title":{"rendered":"Kontakty"},"content":{"rendered":"\n<p class=\"has-section-bg-background-color has-background\">Jak n\u00e1s kontaktovat?<\/p>\n\n\n\n<p class=\"has-section-bg-background-color has-background\">Kancel\u00e1\u0159: Za Po\u0159\u00ed\u010dskou br\u00e1nou 315\/10, Praha 8, Karl\u00edn, Praha, Hlavn\u00ed m\u011bsto Praha, 18600, \u010cesk\u00e1 republika<\/p>\n\n\n\n<p class=\"has-section-bg-background-color has-background\">Tel:     +420&nbsp;777&nbsp;906 718<\/p>\n\n\n\n<p class=\"has-section-bg-background-color has-background\">Email: <a href=\"mailto:ZSpaceTelecom@seznam.cz\">ZSpaceTelecom@seznam.cz<\/a><\/p>\n\n\n\n<p><\/p>\n\n\n\n<p><\/p>\n\n\n\n<p><\/p>\n","protected":false},"excerpt":{"rendered":"<p>Jak n\u00e1s kontaktovat? Kancel\u00e1\u0159: Za Po\u0159\u00ed\u010dskou br\u00e1nou 315\/10, Praha 8, Karl\u00edn, Praha, Hlavn\u00ed m\u011bsto Praha, 18600, \u010cesk\u00e1 republika Tel: +420&nbsp;777&nbsp;906 718 Email: ZSpaceTelecom@seznam.cz<\/p>\n","protected":false},"author":1,"featured_media":0,"parent":0,"menu_order":2,"comment_status":"closed","ping_status":"closed","template":"","meta":{"footnotes":""},"class_list":["post-34","page","type-page","status-publish","hentry"],"_links":{"self":[{"href":"https:\/\/zspacetele.com\/index.php?rest_route=\/wp\/v2\/pages\/34","targetHints":{"allow":["GET"]}}],"collection":[{"href":"https:\/\/zspacetele.com\/index.php?rest_route=\/wp\/v2\/pages"}],"about":[{"href":"https:\/\/zspacetele.com\/index.php?rest_route=\/wp\/v2\/types\/page"}],"author":[{"embeddable":true,"href":"https:\/\/zspacetele.com\/index.php?rest_route=\/wp\/v2\/users\/1"}],"replies":[{"embeddable":true,"href":"https:\/\/zspacetele.com\/index.php?rest_route=%2Fwp%2Fv2%2Fcomments&post=34"}],"version-history":[{"count":11,"href":"https:\/\/zspacetele.com\/index.php?rest_route=\/wp\/v2\/pages\/34\/revisions"}],"predecessor-version":[{"id":126,"href":"https:\/\/zspacetele.com\/index.php?rest_route=\/wp\/v2\/pages\/34\/revisions\/126"}],"wp:attachment":[{"href":"https:\/\/zspacetele.com\/index.php?rest_route=%2Fwp%2Fv2%2Fmedia&parent=34"}],"curies":[{"name":"wp","href":"https:\/\/api.w.org\/{rel}","templated":true}]}}