{"id":11,"date":"2023-09-17T07:31:44","date_gmt":"2023-09-17T07:31:44","guid":{"rendered":"https:\/\/zspacetele.com\/?page_id=11"},"modified":"2023-10-20T15:36:27","modified_gmt":"2023-10-20T15:36:27","slug":"about-us-2","status":"publish","type":"page","link":"https:\/\/zspacetele.com\/","title":{"rendered":"O n\u00e1s"},"content":{"rendered":"\n<p class=\"has-section-bg-background-color has-background\">Z Space Telecom je mezin\u00e1rodn\u00ed telekomunika\u010dn\u00ed poskytovatel slu\u017eeb p\u0159enosu dat, hlasov\u00fdch dat a tak\u00e9 outsourcingov\u00fdch slu\u017eeb mezi oper\u00e1tory. Specializujeme se na velkoobchodn\u00ed n\u00e1kup a prodej slu\u017eeb mezin\u00e1rodn\u00edho hlasov\u00e9ho provozu, softwaru, outsourcingov\u00fdch slu\u017eeb a \u0159e\u0161en\u00ed pro \u00falo\u017ei\u0161t\u011b a datov\u00e1 centra. Jsme p\u0159ipraveni nab\u00eddnout komplexn\u00ed oper\u00e1torsk\u00e1 \u0159e\u0161en\u00ed pro oper\u00e1tory a podniky.<\/p>\n","protected":false},"excerpt":{"rendered":"<p>Z Space Telecom je mezin\u00e1rodn\u00ed telekomunika\u010dn\u00ed poskytovatel slu\u017eeb p\u0159enosu dat, hlasov\u00fdch dat a tak\u00e9 outsourcingov\u00fdch slu\u017eeb mezi oper\u00e1tory. Specializujeme se na velkoobchodn\u00ed n\u00e1kup a prodej slu\u017eeb mezin\u00e1rodn\u00edho hlasov\u00e9ho provozu, softwaru, outsourcingov\u00fdch slu\u017eeb a \u0159e\u0161en\u00ed pro \u00falo\u017ei\u0161t\u011b a datov\u00e1 centra. Jsme p\u0159ipraveni nab\u00eddnout komplexn\u00ed oper\u00e1torsk\u00e1 \u0159e\u0161en\u00ed pro oper\u00e1tory a podniky.<\/p>\n","protected":false},"author":1,"featured_media":18,"parent":0,"menu_order":0,"comment_status":"closed","ping_status":"closed","template":"","meta":{"footnotes":""},"class_list":["post-11","page","type-page","status-publish","has-post-thumbnail","hentry"],"_links":{"self":[{"href":"https:\/\/zspacetele.com\/index.php?rest_route=\/wp\/v2\/pages\/11","targetHints":{"allow":["GET"]}}],"collection":[{"href":"https:\/\/zspacetele.com\/index.php?rest_route=\/wp\/v2\/pages"}],"about":[{"href":"https:\/\/zspacetele.com\/index.php?rest_route=\/wp\/v2\/types\/page"}],"author":[{"embeddable":true,"href":"https:\/\/zspacetele.com\/index.php?rest_route=\/wp\/v2\/users\/1"}],"replies":[{"embeddable":true,"href":"https:\/\/zspacetele.com\/index.php?rest_route=%2Fwp%2Fv2%2Fcomments&post=11"}],"version-history":[{"count":8,"href":"https:\/\/zspacetele.com\/index.php?rest_route=\/wp\/v2\/pages\/11\/revisions"}],"predecessor-version":[{"id":122,"href":"https:\/\/zspacetele.com\/index.php?rest_route=\/wp\/v2\/pages\/11\/revisions\/122"}],"wp:featuredmedia":[{"embeddable":true,"href":"https:\/\/zspacetele.com\/index.php?rest_route=\/wp\/v2\/media\/18"}],"wp:attachment":[{"href":"https:\/\/zspacetele.com\/index.php?rest_route=%2Fwp%2Fv2%2Fmedia&parent=11"}],"curies":[{"name":"wp","href":"https:\/\/api.w.org\/{rel}","templated":true}]}}